{"id":3304,"date":"2016-08-09T16:29:54","date_gmt":"2016-08-09T15:29:54","guid":{"rendered":"http:\/\/apdl.lu\/?page_id=3304"},"modified":"2025-02-26T16:36:11","modified_gmt":"2025-02-26T15:36:11","slug":"contact","status":"publish","type":"page","link":"https:\/\/apdl.lu\/en\/contact\/","title":{"rendered":"Contact"},"content":{"rendered":"<p><div class=\"flex_column av_one_half  flex_column_div first  \" ><div role=\"form\" class=\"wpcf7\" id=\"wpcf7-f3635-o2\" lang=\"fr-FR\" dir=\"ltr\">\n<div class=\"screen-reader-response\"><p role=\"status\" aria-live=\"polite\" aria-atomic=\"true\"><\/p> <ul><\/ul><\/div>\n<form action=\"\/en\/wp-json\/wp\/v2\/pages\/3304#wpcf7-f3635-o2\" method=\"post\" class=\"wpcf7-form init\" novalidate=\"novalidate\" data-status=\"init\">\n<div style=\"display: none;\">\n<input type=\"hidden\" name=\"_wpcf7\" value=\"3635\" \/>\n<input type=\"hidden\" name=\"_wpcf7_version\" value=\"5.6.2\" \/>\n<input type=\"hidden\" name=\"_wpcf7_locale\" value=\"fr_FR\" \/>\n<input type=\"hidden\" name=\"_wpcf7_unit_tag\" value=\"wpcf7-f3635-o2\" \/>\n<input type=\"hidden\" name=\"_wpcf7_container_post\" value=\"0\" \/>\n<input type=\"hidden\" name=\"_wpcf7_posted_data_hash\" value=\"\" \/>\n<\/div>\n<p><label> Your name (required)<br \/>\n    <span class=\"wpcf7-form-control-wrap\" data-name=\"your-name\"><input type=\"text\" name=\"your-name\" value=\"\" size=\"40\" class=\"wpcf7-form-control wpcf7-text wpcf7-validates-as-required\" aria-required=\"true\" aria-invalid=\"false\" \/><\/span> <\/label><\/p>\n<p><label> Your mail (required)<br \/>\n    <span class=\"wpcf7-form-control-wrap\" data-name=\"your-email\"><input type=\"email\" name=\"your-email\" value=\"\" size=\"40\" class=\"wpcf7-form-control wpcf7-text wpcf7-email wpcf7-validates-as-required wpcf7-validates-as-email\" aria-required=\"true\" aria-invalid=\"false\" \/><\/span> <\/label><\/p>\n<p><lavel> Your recipient (required)<br \/>\n<span class=\"wpcf7-form-control-wrap\" data-name=\"your-recipient\"><select name=\"your-recipient\" class=\"wpcf7-form-control wpcf7-select wpcf7-validates-as-required\" aria-required=\"true\" aria-invalid=\"false\"><option value=\"Board\">Board<\/option><option value=\"Adh\u00e9sion\">Adh\u00e9sion<\/option><option value=\"Ev\u00e9nements\">Ev\u00e9nements<\/option><option value=\"Commission Data Protection Officer\">Commission Data Protection Officer<\/option><option value=\"Commission Technique\">Commission Technique<\/option><option value=\"Commission Juridique\">Commission Juridique<\/option><\/select><\/span> <\/label><\/p>\n<p><label> Subject (required)<br \/>\n    <span class=\"wpcf7-form-control-wrap\" data-name=\"your-subject\"><input type=\"text\" name=\"your-subject\" value=\"\" size=\"40\" class=\"wpcf7-form-control wpcf7-text wpcf7-validates-as-required\" aria-required=\"true\" aria-invalid=\"false\" \/><\/span> <\/label><\/p>\n<p><label> Your message<br \/>\n    <span class=\"wpcf7-form-control-wrap\" data-name=\"your-message\"><textarea name=\"your-message\" cols=\"40\" rows=\"10\" class=\"wpcf7-form-control wpcf7-textarea wpcf7-validates-as-required\" aria-required=\"true\" aria-invalid=\"false\"><\/textarea><\/span> <\/label><\/p>\n<p><span class=\"wpcf7-form-control-wrap\" data-name=\"checkbox-435\"><span class=\"wpcf7-form-control wpcf7-checkbox wpcf7-validates-as-required wpcf7-exclusive-checkbox\"><span class=\"wpcf7-list-item first last\"><input type=\"checkbox\" name=\"checkbox-435\" value=\"I have read and accept the privacy policy of this site\" \/><span class=\"wpcf7-list-item-label\">I have read and accept the privacy policy of this site<\/span><\/span><\/span><\/span><\/p>\n<p><label> Please answer to this simple operation<br \/>\n<span class=\"wpcf7-form-control-wrap\" data-name=\"quiz-391\"><label><span class=\"wpcf7-quiz-label\">0 + 4 =<\/span> <input type=\"text\" name=\"quiz-391\" size=\"40\" class=\"wpcf7-form-control wpcf7-quiz\" autocomplete=\"off\" aria-required=\"true\" aria-invalid=\"false\" \/><\/label><input type=\"hidden\" name=\"_wpcf7_quiz_answer_quiz-391\" value=\"18b68ac40a80e1d9bf853101122f88e6\" \/><\/span> <\/label><\/p>\n<p><input type=\"submit\" value=\"Send\" class=\"wpcf7-form-control has-spinner wpcf7-submit\" \/><\/p>\n<div class=\"wpcf7-response-output\" aria-hidden=\"true\"><\/div><\/form><\/div><\/div><\/p>\n<div class=\"flex_column av_one_half  flex_column_div   \" ><p style=\"text-align: center;\"><strong>Head Office<\/strong><\/p>\n<p style=\"text-align: center;\">Association pour la Protection des Donn\u00e9es au Luxembourg, Association \u00e0 but non lucratif<\/p>\n<p style=\"text-align: center;\">55A rue de Merl<\/p>\n<p style=\"text-align: center;\">L-2146 LUXEMBOURG<\/p><\/div><\/p>","protected":false},"excerpt":{"rendered":"","protected":false},"author":1,"featured_media":0,"parent":0,"menu_order":0,"comment_status":"closed","ping_status":"closed","template":"","meta":[],"yoast_head":"<!-- This site is optimized with the Yoast SEO plugin v19.5.1 - https:\/\/yoast.com\/wordpress\/plugins\/seo\/ -->\n<title>Contact us | APDL<\/title>\n<meta name=\"description\" content=\"{:fr}Vous souhaitez prendre contact avec l&#039;Association pour la Protection des Donn\u00e9es au Luxembourg ? N&#039;h\u00e9sitez pas \u00e0 nous laisser un message. {:}\" \/>\n<meta name=\"robots\" content=\"index, follow, max-snippet:-1, max-image-preview:large, max-video-preview:-1\" \/>\n<link rel=\"canonical\" href=\"https:\/\/apdl.lu\/contact\/\" \/>\n<meta property=\"og:locale\" content=\"en_US\" \/>\n<meta property=\"og:type\" content=\"article\" \/>\n<meta property=\"og:title\" content=\"[:fr]Contactez-nous | APDL[:][:en]Contact us | APDL[:]\" \/>\n<meta property=\"og:description\" content=\"{:fr}Vous souhaitez prendre contact avec l&#039;Association pour la Protection des Donn\u00e9es au Luxembourg ? N&#039;h\u00e9sitez pas \u00e0 nous laisser un message. {:}\" \/>\n<meta property=\"og:url\" content=\"https:\/\/apdl.lu\/contact\/\" \/>\n<meta property=\"og:site_name\" content=\"APDL\" \/>\n<meta property=\"article:modified_time\" content=\"2025-02-26T15:36:11+00:00\" \/>\n<meta name=\"twitter:card\" content=\"summary_large_image\" \/>\n<meta name=\"twitter:site\" content=\"@apdl_lu\" \/>\n<meta name=\"twitter:label1\" content=\"Est. reading time\" \/>\n\t<meta name=\"twitter:data1\" content=\"1 minute\" \/>\n<script type=\"application\/ld+json\" class=\"yoast-schema-graph\">{\"@context\":\"https:\/\/schema.org\",\"@graph\":[{\"@type\":\"WebPage\",\"@id\":\"https:\/\/apdl.lu\/contact\/\",\"url\":\"https:\/\/apdl.lu\/contact\/\",\"name\":\"[:fr]Contactez-nous | APDL[:][:en]Contact us | APDL[:]\",\"isPartOf\":{\"@id\":\"https:\/\/apdl.lu\/#website\"},\"datePublished\":\"2016-08-09T15:29:54+00:00\",\"dateModified\":\"2025-02-26T15:36:11+00:00\",\"description\":\"{:fr}Vous souhaitez prendre contact avec l'Association pour la Protection des Donn\u00e9es au Luxembourg ? N'h\u00e9sitez pas \u00e0 nous laisser un message. {:}\",\"breadcrumb\":{\"@id\":\"https:\/\/apdl.lu\/contact\/#breadcrumb\"},\"inLanguage\":\"en-US\",\"potentialAction\":[{\"@type\":\"ReadAction\",\"target\":[\"https:\/\/apdl.lu\/contact\/\"]}]},{\"@type\":\"BreadcrumbList\",\"@id\":\"https:\/\/apdl.lu\/contact\/#breadcrumb\",\"itemListElement\":[{\"@type\":\"ListItem\",\"position\":1,\"name\":\"Accueil\",\"item\":\"https:\/\/apdl.lu\/\"},{\"@type\":\"ListItem\",\"position\":2,\"name\":\"Contact\"}]},{\"@type\":\"WebSite\",\"@id\":\"https:\/\/apdl.lu\/#website\",\"url\":\"https:\/\/apdl.lu\/\",\"name\":\"APDL\",\"description\":\"\",\"potentialAction\":[{\"@type\":\"SearchAction\",\"target\":{\"@type\":\"EntryPoint\",\"urlTemplate\":\"https:\/\/apdl.lu\/?s={search_term_string}\"},\"query-input\":\"required name=search_term_string\"}],\"inLanguage\":\"en-US\"}]}<\/script>\n<!-- \/ Yoast SEO plugin. -->","yoast_head_json":{"title":"[:fr]Contactez-nous | APDL[:][:en]Contact us | APDL[:]","description":"{:fr}Vous souhaitez prendre contact avec l'Association pour la Protection des Donn\u00e9es au Luxembourg ? N'h\u00e9sitez pas \u00e0 nous laisser un message. {:}","robots":{"index":"index","follow":"follow","max-snippet":"max-snippet:-1","max-image-preview":"max-image-preview:large","max-video-preview":"max-video-preview:-1"},"canonical":"https:\/\/apdl.lu\/contact\/","og_locale":"en_US","og_type":"article","og_title":"[:fr]Contactez-nous | APDL[:][:en]Contact us | APDL[:]","og_description":"{:fr}Vous souhaitez prendre contact avec l'Association pour la Protection des Donn\u00e9es au Luxembourg ? N'h\u00e9sitez pas \u00e0 nous laisser un message. {:}","og_url":"https:\/\/apdl.lu\/contact\/","og_site_name":"APDL","article_modified_time":"2025-02-26T15:36:11+00:00","twitter_card":"summary_large_image","twitter_site":"@apdl_lu","twitter_misc":{"Est. reading time":"1 minute"},"schema":{"@context":"https:\/\/schema.org","@graph":[{"@type":"WebPage","@id":"https:\/\/apdl.lu\/contact\/","url":"https:\/\/apdl.lu\/contact\/","name":"[:fr]Contactez-nous | APDL[:][:en]Contact us | APDL[:]","isPartOf":{"@id":"https:\/\/apdl.lu\/#website"},"datePublished":"2016-08-09T15:29:54+00:00","dateModified":"2025-02-26T15:36:11+00:00","description":"{:fr}Vous souhaitez prendre contact avec l'Association pour la Protection des Donn\u00e9es au Luxembourg ? N'h\u00e9sitez pas \u00e0 nous laisser un message. {:}","breadcrumb":{"@id":"https:\/\/apdl.lu\/contact\/#breadcrumb"},"inLanguage":"en-US","potentialAction":[{"@type":"ReadAction","target":["https:\/\/apdl.lu\/contact\/"]}]},{"@type":"BreadcrumbList","@id":"https:\/\/apdl.lu\/contact\/#breadcrumb","itemListElement":[{"@type":"ListItem","position":1,"name":"Accueil","item":"https:\/\/apdl.lu\/"},{"@type":"ListItem","position":2,"name":"Contact"}]},{"@type":"WebSite","@id":"https:\/\/apdl.lu\/#website","url":"https:\/\/apdl.lu\/","name":"APDL","description":"","potentialAction":[{"@type":"SearchAction","target":{"@type":"EntryPoint","urlTemplate":"https:\/\/apdl.lu\/?s={search_term_string}"},"query-input":"required name=search_term_string"}],"inLanguage":"en-US"}]}},"_links":{"self":[{"href":"https:\/\/apdl.lu\/en\/wp-json\/wp\/v2\/pages\/3304"}],"collection":[{"href":"https:\/\/apdl.lu\/en\/wp-json\/wp\/v2\/pages"}],"about":[{"href":"https:\/\/apdl.lu\/en\/wp-json\/wp\/v2\/types\/page"}],"author":[{"embeddable":true,"href":"https:\/\/apdl.lu\/en\/wp-json\/wp\/v2\/users\/1"}],"replies":[{"embeddable":true,"href":"https:\/\/apdl.lu\/en\/wp-json\/wp\/v2\/comments?post=3304"}],"version-history":[{"count":27,"href":"https:\/\/apdl.lu\/en\/wp-json\/wp\/v2\/pages\/3304\/revisions"}],"predecessor-version":[{"id":4734,"href":"https:\/\/apdl.lu\/en\/wp-json\/wp\/v2\/pages\/3304\/revisions\/4734"}],"wp:attachment":[{"href":"https:\/\/apdl.lu\/en\/wp-json\/wp\/v2\/media?parent=3304"}],"curies":[{"name":"wp","href":"https:\/\/api.w.org\/{rel}","templated":true}]}}