{"id":3312,"date":"2016-08-09T16:31:11","date_gmt":"2016-08-09T15:31:11","guid":{"rendered":"http:\/\/apdl.lu\/?page_id=3312"},"modified":"2018-08-30T19:34:07","modified_gmt":"2018-08-30T17:34:07","slug":"devenir-membre","status":"publish","type":"page","link":"https:\/\/apdl.lu\/en\/devenir-membre\/","title":{"rendered":"Become a member"},"content":{"rendered":"<p><\/p>\n<h1>Become a member<\/h1>\n<p>Any individual acting as Data Protection Officer (whether accredited by CNPD or not) can be a member. Those whose main activity is generally linked to data protection, either from a technical or legal viewpoint, or having a special interest in this matter can also apply to become a member.<\/p>\n<p>Any person wishing to become a member must send a formal application to the Board, which will take the decision to grant membership or not.<\/p>\n<p>Applications include a clear acceptance of APDL&#8217;s articles of association.<\/p>\n<p>Membership implies the payment of an annual subscription fee of 80 euros.<\/p>\n<p>Please fill in this form and send it to the address mentioned therein.<\/p>\n<p><a href=\"http:\/\/apdl.lu\/wp-content\/uploads\/2018\/08\/Bulletin_d_adhesion_2018.pdf\" target=\"_blank\" rel=\"noopener noreferrer\">Membership Application (PDF)<\/a> \/ <a href=\"https:\/\/apdl.lu\/wp-content\/uploads\/2018\/08\/Bulletin_d_adhesion_2018.doc\" target=\"_blank\" rel=\"noopener\">Membership Application (DOC)<\/a><\/p>","protected":false},"excerpt":{"rendered":"<p>Become a member Any individual acting as Data Protection Officer (whether accredited by CNPD or not) can be a member. Those whose main activity is generally linked to data protection, either from a technical or legal viewpoint, or having a special interest in this matter can also apply to become a member. Any person wishing [&hellip;]<\/p>\n","protected":false},"author":1,"featured_media":0,"parent":0,"menu_order":0,"comment_status":"closed","ping_status":"closed","template":"","meta":[],"yoast_head":"<!-- This site is optimized with the Yoast SEO plugin v19.5.1 - https:\/\/yoast.com\/wordpress\/plugins\/seo\/ -->\n<title>Devenir Membre de l&#039;APDL | APDL<\/title>\n<meta name=\"description\" content=\"Rejoignez l&#039;Association pour la Protection des Donn\u00e9es au Luxembourg (APDL) en devenant membre et restez inform\u00e9 sur l&#039;actualit\u00e9 de la s\u00e9curit\u00e9 des donn\u00e9es.\" \/>\n<meta name=\"robots\" content=\"index, follow, max-snippet:-1, max-image-preview:large, max-video-preview:-1\" \/>\n<link rel=\"canonical\" href=\"https:\/\/apdl.lu\/devenir-membre\/\" \/>\n<meta property=\"og:locale\" content=\"en_US\" \/>\n<meta property=\"og:type\" content=\"article\" \/>\n<meta property=\"og:title\" content=\"Devenir Membre de l&#039;APDL | APDL\" \/>\n<meta property=\"og:description\" content=\"Rejoignez l&#039;Association pour la Protection des Donn\u00e9es au Luxembourg (APDL) en devenant membre et restez inform\u00e9 sur l&#039;actualit\u00e9 de la s\u00e9curit\u00e9 des donn\u00e9es.\" \/>\n<meta property=\"og:url\" content=\"https:\/\/apdl.lu\/devenir-membre\/\" \/>\n<meta property=\"og:site_name\" content=\"APDL\" \/>\n<meta property=\"article:modified_time\" content=\"2018-08-30T17:34:07+00:00\" \/>\n<meta name=\"twitter:card\" content=\"summary_large_image\" \/>\n<meta name=\"twitter:site\" content=\"@apdl_lu\" \/>\n<meta name=\"twitter:label1\" content=\"Est. reading time\" \/>\n\t<meta name=\"twitter:data1\" content=\"1 minute\" \/>\n<script type=\"application\/ld+json\" class=\"yoast-schema-graph\">{\"@context\":\"https:\/\/schema.org\",\"@graph\":[{\"@type\":\"WebPage\",\"@id\":\"https:\/\/apdl.lu\/devenir-membre\/\",\"url\":\"https:\/\/apdl.lu\/devenir-membre\/\",\"name\":\"Devenir Membre de l'APDL | APDL\",\"isPartOf\":{\"@id\":\"https:\/\/apdl.lu\/#website\"},\"datePublished\":\"2016-08-09T15:31:11+00:00\",\"dateModified\":\"2018-08-30T17:34:07+00:00\",\"description\":\"Rejoignez l'Association pour la Protection des Donn\u00e9es au Luxembourg (APDL) en devenant membre et restez inform\u00e9 sur l'actualit\u00e9 de la s\u00e9curit\u00e9 des donn\u00e9es.\",\"breadcrumb\":{\"@id\":\"https:\/\/apdl.lu\/devenir-membre\/#breadcrumb\"},\"inLanguage\":\"en-US\",\"potentialAction\":[{\"@type\":\"ReadAction\",\"target\":[\"https:\/\/apdl.lu\/devenir-membre\/\"]}]},{\"@type\":\"BreadcrumbList\",\"@id\":\"https:\/\/apdl.lu\/devenir-membre\/#breadcrumb\",\"itemListElement\":[{\"@type\":\"ListItem\",\"position\":1,\"name\":\"Accueil\",\"item\":\"https:\/\/apdl.lu\/\"},{\"@type\":\"ListItem\",\"position\":2,\"name\":\"Devenir membre\"}]},{\"@type\":\"WebSite\",\"@id\":\"https:\/\/apdl.lu\/#website\",\"url\":\"https:\/\/apdl.lu\/\",\"name\":\"APDL\",\"description\":\"\",\"potentialAction\":[{\"@type\":\"SearchAction\",\"target\":{\"@type\":\"EntryPoint\",\"urlTemplate\":\"https:\/\/apdl.lu\/?s={search_term_string}\"},\"query-input\":\"required name=search_term_string\"}],\"inLanguage\":\"en-US\"}]}<\/script>\n<!-- \/ Yoast SEO plugin. -->","yoast_head_json":{"title":"Devenir Membre de l'APDL | APDL","description":"Rejoignez l'Association pour la Protection des Donn\u00e9es au Luxembourg (APDL) en devenant membre et restez inform\u00e9 sur l'actualit\u00e9 de la s\u00e9curit\u00e9 des donn\u00e9es.","robots":{"index":"index","follow":"follow","max-snippet":"max-snippet:-1","max-image-preview":"max-image-preview:large","max-video-preview":"max-video-preview:-1"},"canonical":"https:\/\/apdl.lu\/devenir-membre\/","og_locale":"en_US","og_type":"article","og_title":"Devenir Membre de l'APDL | APDL","og_description":"Rejoignez l'Association pour la Protection des Donn\u00e9es au Luxembourg (APDL) en devenant membre et restez inform\u00e9 sur l'actualit\u00e9 de la s\u00e9curit\u00e9 des donn\u00e9es.","og_url":"https:\/\/apdl.lu\/devenir-membre\/","og_site_name":"APDL","article_modified_time":"2018-08-30T17:34:07+00:00","twitter_card":"summary_large_image","twitter_site":"@apdl_lu","twitter_misc":{"Est. reading time":"1 minute"},"schema":{"@context":"https:\/\/schema.org","@graph":[{"@type":"WebPage","@id":"https:\/\/apdl.lu\/devenir-membre\/","url":"https:\/\/apdl.lu\/devenir-membre\/","name":"Devenir Membre de l'APDL | APDL","isPartOf":{"@id":"https:\/\/apdl.lu\/#website"},"datePublished":"2016-08-09T15:31:11+00:00","dateModified":"2018-08-30T17:34:07+00:00","description":"Rejoignez l'Association pour la Protection des Donn\u00e9es au Luxembourg (APDL) en devenant membre et restez inform\u00e9 sur l'actualit\u00e9 de la s\u00e9curit\u00e9 des donn\u00e9es.","breadcrumb":{"@id":"https:\/\/apdl.lu\/devenir-membre\/#breadcrumb"},"inLanguage":"en-US","potentialAction":[{"@type":"ReadAction","target":["https:\/\/apdl.lu\/devenir-membre\/"]}]},{"@type":"BreadcrumbList","@id":"https:\/\/apdl.lu\/devenir-membre\/#breadcrumb","itemListElement":[{"@type":"ListItem","position":1,"name":"Accueil","item":"https:\/\/apdl.lu\/"},{"@type":"ListItem","position":2,"name":"Devenir membre"}]},{"@type":"WebSite","@id":"https:\/\/apdl.lu\/#website","url":"https:\/\/apdl.lu\/","name":"APDL","description":"","potentialAction":[{"@type":"SearchAction","target":{"@type":"EntryPoint","urlTemplate":"https:\/\/apdl.lu\/?s={search_term_string}"},"query-input":"required name=search_term_string"}],"inLanguage":"en-US"}]}},"_links":{"self":[{"href":"https:\/\/apdl.lu\/en\/wp-json\/wp\/v2\/pages\/3312"}],"collection":[{"href":"https:\/\/apdl.lu\/en\/wp-json\/wp\/v2\/pages"}],"about":[{"href":"https:\/\/apdl.lu\/en\/wp-json\/wp\/v2\/types\/page"}],"author":[{"embeddable":true,"href":"https:\/\/apdl.lu\/en\/wp-json\/wp\/v2\/users\/1"}],"replies":[{"embeddable":true,"href":"https:\/\/apdl.lu\/en\/wp-json\/wp\/v2\/comments?post=3312"}],"version-history":[{"count":17,"href":"https:\/\/apdl.lu\/en\/wp-json\/wp\/v2\/pages\/3312\/revisions"}],"predecessor-version":[{"id":4135,"href":"https:\/\/apdl.lu\/en\/wp-json\/wp\/v2\/pages\/3312\/revisions\/4135"}],"wp:attachment":[{"href":"https:\/\/apdl.lu\/en\/wp-json\/wp\/v2\/media?parent=3312"}],"curies":[{"name":"wp","href":"https:\/\/api.w.org\/{rel}","templated":true}]}}