{"id":3318,"date":"2016-08-09T16:32:17","date_gmt":"2016-08-09T15:32:17","guid":{"rendered":"http:\/\/apdl.lu\/?page_id=3318"},"modified":"2016-12-16T16:39:44","modified_gmt":"2016-12-16T15:39:44","slug":"f-a-q","status":"publish","type":"page","link":"https:\/\/apdl.lu\/en\/f-a-q\/","title":{"rendered":"F.A.Q."},"content":{"rendered":"<div class=\"hrf-faq-list\"><article class=\"hrf-entry\" id=\"hrf-entry-3546\">\n                      <h3 class=\"hrf-title close-faq\" data-content-id=\"hrf-content-3546\"><span><\/span>Question 1<\/h3>\n                     <div class=\"hrf-content\" id=\"hrf-content-3546\"><p>Answer\u00a01<\/p>\n<\/div>\n                  <\/article><article class=\"hrf-entry\" id=\"hrf-entry-3550\">\n                      <h3 class=\"hrf-title close-faq\" data-content-id=\"hrf-content-3550\"><span><\/span>Question 2<\/h3>\n                     <div class=\"hrf-content\" id=\"hrf-content-3550\"><p>R\u00e9ponse 2<\/p>\n<\/div>\n                  <\/article><\/div>\n","protected":false},"excerpt":{"rendered":"","protected":false},"author":1,"featured_media":0,"parent":0,"menu_order":0,"comment_status":"closed","ping_status":"closed","template":"","meta":[],"yoast_head":"<!-- This site is optimized with the Yoast SEO plugin v19.5.1 - https:\/\/yoast.com\/wordpress\/plugins\/seo\/ -->\n<title>FAQ | APDL<\/title>\n<meta name=\"description\" content=\"Vous avez des questions concernant votre adh\u00e9sion, une actualit\u00e9...D\u00e9couvrez les r\u00e9ponses aux questions les plus courantes concernant l&#039;APDL dans notre FAQ.\" \/>\n<meta name=\"robots\" content=\"index, follow, max-snippet:-1, max-image-preview:large, max-video-preview:-1\" \/>\n<link rel=\"canonical\" href=\"https:\/\/apdl.lu\/en\/f-a-q\/\" \/>\n<meta property=\"og:locale\" content=\"en_US\" \/>\n<meta property=\"og:type\" content=\"article\" \/>\n<meta property=\"og:title\" content=\"FAQ | APDL\" \/>\n<meta property=\"og:description\" content=\"Vous avez des questions concernant votre adh\u00e9sion, une actualit\u00e9...D\u00e9couvrez les r\u00e9ponses aux questions les plus courantes concernant l&#039;APDL dans notre FAQ.\" \/>\n<meta property=\"og:url\" content=\"https:\/\/apdl.lu\/en\/f-a-q\/\" \/>\n<meta property=\"og:site_name\" content=\"APDL\" \/>\n<meta property=\"article:modified_time\" content=\"2016-12-16T15:39:44+00:00\" \/>\n<meta name=\"twitter:card\" content=\"summary_large_image\" \/>\n<meta name=\"twitter:site\" content=\"@apdl_lu\" \/>\n<script type=\"application\/ld+json\" class=\"yoast-schema-graph\">{\"@context\":\"https:\/\/schema.org\",\"@graph\":[{\"@type\":\"WebPage\",\"@id\":\"https:\/\/apdl.lu\/en\/f-a-q\/\",\"url\":\"https:\/\/apdl.lu\/en\/f-a-q\/\",\"name\":\"FAQ | APDL\",\"isPartOf\":{\"@id\":\"https:\/\/apdl.lu\/#website\"},\"datePublished\":\"2016-08-09T15:32:17+00:00\",\"dateModified\":\"2016-12-16T15:39:44+00:00\",\"description\":\"Vous avez des questions concernant votre adh\u00e9sion, une actualit\u00e9...D\u00e9couvrez les r\u00e9ponses aux questions les plus courantes concernant l'APDL dans notre FAQ.\",\"breadcrumb\":{\"@id\":\"https:\/\/apdl.lu\/en\/f-a-q\/#breadcrumb\"},\"inLanguage\":\"en-US\",\"potentialAction\":[{\"@type\":\"ReadAction\",\"target\":[\"https:\/\/apdl.lu\/en\/f-a-q\/\"]}]},{\"@type\":\"BreadcrumbList\",\"@id\":\"https:\/\/apdl.lu\/en\/f-a-q\/#breadcrumb\",\"itemListElement\":[{\"@type\":\"ListItem\",\"position\":1,\"name\":\"Accueil\",\"item\":\"https:\/\/apdl.lu\/\"},{\"@type\":\"ListItem\",\"position\":2,\"name\":\"F.A.Q.\"}]},{\"@type\":\"WebSite\",\"@id\":\"https:\/\/apdl.lu\/#website\",\"url\":\"https:\/\/apdl.lu\/\",\"name\":\"APDL\",\"description\":\"\",\"potentialAction\":[{\"@type\":\"SearchAction\",\"target\":{\"@type\":\"EntryPoint\",\"urlTemplate\":\"https:\/\/apdl.lu\/?s={search_term_string}\"},\"query-input\":\"required name=search_term_string\"}],\"inLanguage\":\"en-US\"}]}<\/script>\n<!-- \/ Yoast SEO plugin. -->","yoast_head_json":{"title":"FAQ | APDL","description":"Vous avez des questions concernant votre adh\u00e9sion, une actualit\u00e9...D\u00e9couvrez les r\u00e9ponses aux questions les plus courantes concernant l'APDL dans notre FAQ.","robots":{"index":"index","follow":"follow","max-snippet":"max-snippet:-1","max-image-preview":"max-image-preview:large","max-video-preview":"max-video-preview:-1"},"canonical":"https:\/\/apdl.lu\/en\/f-a-q\/","og_locale":"en_US","og_type":"article","og_title":"FAQ | APDL","og_description":"Vous avez des questions concernant votre adh\u00e9sion, une actualit\u00e9...D\u00e9couvrez les r\u00e9ponses aux questions les plus courantes concernant l'APDL dans notre FAQ.","og_url":"https:\/\/apdl.lu\/en\/f-a-q\/","og_site_name":"APDL","article_modified_time":"2016-12-16T15:39:44+00:00","twitter_card":"summary_large_image","twitter_site":"@apdl_lu","schema":{"@context":"https:\/\/schema.org","@graph":[{"@type":"WebPage","@id":"https:\/\/apdl.lu\/en\/f-a-q\/","url":"https:\/\/apdl.lu\/en\/f-a-q\/","name":"FAQ | APDL","isPartOf":{"@id":"https:\/\/apdl.lu\/#website"},"datePublished":"2016-08-09T15:32:17+00:00","dateModified":"2016-12-16T15:39:44+00:00","description":"Vous avez des questions concernant votre adh\u00e9sion, une actualit\u00e9...D\u00e9couvrez les r\u00e9ponses aux questions les plus courantes concernant l'APDL dans notre FAQ.","breadcrumb":{"@id":"https:\/\/apdl.lu\/en\/f-a-q\/#breadcrumb"},"inLanguage":"en-US","potentialAction":[{"@type":"ReadAction","target":["https:\/\/apdl.lu\/en\/f-a-q\/"]}]},{"@type":"BreadcrumbList","@id":"https:\/\/apdl.lu\/en\/f-a-q\/#breadcrumb","itemListElement":[{"@type":"ListItem","position":1,"name":"Accueil","item":"https:\/\/apdl.lu\/"},{"@type":"ListItem","position":2,"name":"F.A.Q."}]},{"@type":"WebSite","@id":"https:\/\/apdl.lu\/#website","url":"https:\/\/apdl.lu\/","name":"APDL","description":"","potentialAction":[{"@type":"SearchAction","target":{"@type":"EntryPoint","urlTemplate":"https:\/\/apdl.lu\/?s={search_term_string}"},"query-input":"required name=search_term_string"}],"inLanguage":"en-US"}]}},"_links":{"self":[{"href":"https:\/\/apdl.lu\/en\/wp-json\/wp\/v2\/pages\/3318"}],"collection":[{"href":"https:\/\/apdl.lu\/en\/wp-json\/wp\/v2\/pages"}],"about":[{"href":"https:\/\/apdl.lu\/en\/wp-json\/wp\/v2\/types\/page"}],"author":[{"embeddable":true,"href":"https:\/\/apdl.lu\/en\/wp-json\/wp\/v2\/users\/1"}],"replies":[{"embeddable":true,"href":"https:\/\/apdl.lu\/en\/wp-json\/wp\/v2\/comments?post=3318"}],"version-history":[{"count":2,"href":"https:\/\/apdl.lu\/en\/wp-json\/wp\/v2\/pages\/3318\/revisions"}],"predecessor-version":[{"id":3553,"href":"https:\/\/apdl.lu\/en\/wp-json\/wp\/v2\/pages\/3318\/revisions\/3553"}],"wp:attachment":[{"href":"https:\/\/apdl.lu\/en\/wp-json\/wp\/v2\/media?parent=3318"}],"curies":[{"name":"wp","href":"https:\/\/api.w.org\/{rel}","templated":true}]}}