{"id":3560,"date":"2016-10-21T18:54:27","date_gmt":"2016-10-21T17:54:27","guid":{"rendered":"http:\/\/apdl.lu\/?page_id=3560"},"modified":"2016-12-16T16:36:50","modified_gmt":"2016-12-16T15:36:50","slug":"historique","status":"publish","type":"page","link":"https:\/\/apdl.lu\/en\/l-association\/historique\/","title":{"rendered":"History"},"content":{"rendered":"<p><\/p>\n<h1>History<\/h1>\n<p>Following the public conference of 12 March 2013 on the evolution of the role of Data Protection Officers (DPO), a working meeting was organised on 13 June 2013 with a view to extend the reflection on this profession. This first exchanges highlighted many needs around Data Protection:<\/p>\n<p>\u2022 A strong need to have in Luxembourg a platform in order to exchange ideas, good practices and experience ;<br \/>\n\u2022 The need for a dialogue and reaching a common position taking into account legal uncertainty and the gap between law and technology ;<br \/>\n\u2022 The creation of a national single point of contact with sufficient representation to discuss with local authorities and the legislator ;<br \/>\n\u2022 The need for awareness and training campaigns for data controllers and concerned parties, ;<br \/>\n\u2022 Following up on the European regulation.<\/p>\n<p>At the end of this meeting, all attendees agreed to create a not-for-profit association.<\/p>\n<p>APDL&#8217;s articles of association have been registred on 24 October 2013.<\/p>\n<div id=\"attachment_3354\" style=\"width: 606px\" class=\"wp-caption aligncenter\"><a href=\"http:\/\/apdl.lu\/wp-content\/uploads\/2016\/08\/photo-membres.jpg\"><img aria-describedby=\"caption-attachment-3354\" loading=\"lazy\" class=\"aligncenter wp-image-3435 size-full\" src=\"http:\/\/apdl.lu\/wp-content\/uploads\/2016\/08\/photo-membres.jpg\" width=\"596\" height=\"417\" srcset=\"https:\/\/apdl.lu\/wp-content\/uploads\/2016\/08\/photo-membres.jpg 596w, https:\/\/apdl.lu\/wp-content\/uploads\/2016\/08\/photo-membres-300x210.jpg 300w, https:\/\/apdl.lu\/wp-content\/uploads\/2016\/08\/photo-membres-450x315.jpg 450w\" sizes=\"(max-width: 596px) 100vw, 596px\" \/><\/a><p id=\"caption-attachment-3354\" class=\"wp-caption-text\">Les membres fondateurs (photo de Fred Boissi\u00e8re)<\/p><\/div>\n<p><em>From left to right : Cyril Pierre-Beausse, Myriam Brunel, Michael Hofmann, Henri Damiani, Nathalie Sprauer, Romain Sabel, Tony Ristagno, Violaine Langlet, Arnaud Constant.<\/em><\/p>\n<p><em>Missing : Isabelle Comhaire, Azedine Lamamra, Jean-Yves Mathieu<\/em><\/p>","protected":false},"excerpt":{"rendered":"<p>History Following the public conference of 12 March 2013 on the evolution of the role of Data Protection Officers (DPO), a working meeting was organised on 13 June 2013 with a view to extend the reflection on this profession. This first exchanges highlighted many needs around Data Protection: \u2022 A strong need to have in [&hellip;]<\/p>\n","protected":false},"author":1,"featured_media":0,"parent":3314,"menu_order":0,"comment_status":"closed","ping_status":"closed","template":"","meta":[],"yoast_head":"<!-- This site is optimized with the Yoast SEO plugin v19.5.1 - https:\/\/yoast.com\/wordpress\/plugins\/seo\/ -->\n<title>History of APDL | APDL<\/title>\n<meta name=\"description\" content=\"(Fran\u00e7ais) D\u00e9couvrez l&#039;historique de l&#039;association pour la protection des donn\u00e9es personnelles au Luxembourg et ses besoins pour la s\u00e9curit\u00e9 informatique.\" \/>\n<meta name=\"robots\" content=\"index, follow, max-snippet:-1, max-image-preview:large, max-video-preview:-1\" \/>\n<link rel=\"canonical\" href=\"https:\/\/apdl.lu\/l-association\/historique\/\" \/>\n<meta property=\"og:locale\" content=\"en_US\" \/>\n<meta property=\"og:type\" content=\"article\" \/>\n<meta property=\"og:title\" content=\"History of APDL | APDL\" \/>\n<meta property=\"og:description\" content=\"(Fran\u00e7ais) D\u00e9couvrez l&#039;historique de l&#039;association pour la protection des donn\u00e9es personnelles au Luxembourg et ses besoins pour la s\u00e9curit\u00e9 informatique.\" \/>\n<meta property=\"og:url\" content=\"https:\/\/apdl.lu\/l-association\/historique\/\" \/>\n<meta property=\"og:site_name\" content=\"APDL\" \/>\n<meta property=\"article:modified_time\" content=\"2016-12-16T15:36:50+00:00\" \/>\n<meta property=\"og:image\" content=\"http:\/\/apdl.lu\/wp-content\/uploads\/2016\/08\/photo-membres.jpg\" \/>\n<meta name=\"twitter:card\" content=\"summary_large_image\" \/>\n<meta name=\"twitter:site\" content=\"@apdl_lu\" \/>\n<meta name=\"twitter:label1\" content=\"Est. reading time\" \/>\n\t<meta name=\"twitter:data1\" content=\"2 minutes\" \/>\n<script type=\"application\/ld+json\" class=\"yoast-schema-graph\">{\"@context\":\"https:\/\/schema.org\",\"@graph\":[{\"@type\":\"WebPage\",\"@id\":\"https:\/\/apdl.lu\/l-association\/historique\/\",\"url\":\"https:\/\/apdl.lu\/l-association\/historique\/\",\"name\":\"History of APDL | APDL\",\"isPartOf\":{\"@id\":\"https:\/\/apdl.lu\/#website\"},\"datePublished\":\"2016-10-21T17:54:27+00:00\",\"dateModified\":\"2016-12-16T15:36:50+00:00\",\"description\":\"(Fran\u00e7ais) D\u00e9couvrez l'historique de l'association pour la protection des donn\u00e9es personnelles au Luxembourg et ses besoins pour la s\u00e9curit\u00e9 informatique.\",\"breadcrumb\":{\"@id\":\"https:\/\/apdl.lu\/l-association\/historique\/#breadcrumb\"},\"inLanguage\":\"en-US\",\"potentialAction\":[{\"@type\":\"ReadAction\",\"target\":[\"https:\/\/apdl.lu\/l-association\/historique\/\"]}]},{\"@type\":\"BreadcrumbList\",\"@id\":\"https:\/\/apdl.lu\/l-association\/historique\/#breadcrumb\",\"itemListElement\":[{\"@type\":\"ListItem\",\"position\":1,\"name\":\"Accueil\",\"item\":\"https:\/\/apdl.lu\/\"},{\"@type\":\"ListItem\",\"position\":2,\"name\":\"APDL\",\"item\":\"https:\/\/apdl.lu\/l-association\/\"},{\"@type\":\"ListItem\",\"position\":3,\"name\":\"History\"}]},{\"@type\":\"WebSite\",\"@id\":\"https:\/\/apdl.lu\/#website\",\"url\":\"https:\/\/apdl.lu\/\",\"name\":\"APDL\",\"description\":\"\",\"potentialAction\":[{\"@type\":\"SearchAction\",\"target\":{\"@type\":\"EntryPoint\",\"urlTemplate\":\"https:\/\/apdl.lu\/?s={search_term_string}\"},\"query-input\":\"required name=search_term_string\"}],\"inLanguage\":\"en-US\"}]}<\/script>\n<!-- \/ Yoast SEO plugin. -->","yoast_head_json":{"title":"History of APDL | APDL","description":"(Fran\u00e7ais) D\u00e9couvrez l'historique de l'association pour la protection des donn\u00e9es personnelles au Luxembourg et ses besoins pour la s\u00e9curit\u00e9 informatique.","robots":{"index":"index","follow":"follow","max-snippet":"max-snippet:-1","max-image-preview":"max-image-preview:large","max-video-preview":"max-video-preview:-1"},"canonical":"https:\/\/apdl.lu\/l-association\/historique\/","og_locale":"en_US","og_type":"article","og_title":"History of APDL | APDL","og_description":"(Fran\u00e7ais) D\u00e9couvrez l'historique de l'association pour la protection des donn\u00e9es personnelles au Luxembourg et ses besoins pour la s\u00e9curit\u00e9 informatique.","og_url":"https:\/\/apdl.lu\/l-association\/historique\/","og_site_name":"APDL","article_modified_time":"2016-12-16T15:36:50+00:00","og_image":[{"url":"http:\/\/apdl.lu\/wp-content\/uploads\/2016\/08\/photo-membres.jpg"}],"twitter_card":"summary_large_image","twitter_site":"@apdl_lu","twitter_misc":{"Est. reading time":"2 minutes"},"schema":{"@context":"https:\/\/schema.org","@graph":[{"@type":"WebPage","@id":"https:\/\/apdl.lu\/l-association\/historique\/","url":"https:\/\/apdl.lu\/l-association\/historique\/","name":"History of APDL | APDL","isPartOf":{"@id":"https:\/\/apdl.lu\/#website"},"datePublished":"2016-10-21T17:54:27+00:00","dateModified":"2016-12-16T15:36:50+00:00","description":"(Fran\u00e7ais) D\u00e9couvrez l'historique de l'association pour la protection des donn\u00e9es personnelles au Luxembourg et ses besoins pour la s\u00e9curit\u00e9 informatique.","breadcrumb":{"@id":"https:\/\/apdl.lu\/l-association\/historique\/#breadcrumb"},"inLanguage":"en-US","potentialAction":[{"@type":"ReadAction","target":["https:\/\/apdl.lu\/l-association\/historique\/"]}]},{"@type":"BreadcrumbList","@id":"https:\/\/apdl.lu\/l-association\/historique\/#breadcrumb","itemListElement":[{"@type":"ListItem","position":1,"name":"Accueil","item":"https:\/\/apdl.lu\/"},{"@type":"ListItem","position":2,"name":"APDL","item":"https:\/\/apdl.lu\/l-association\/"},{"@type":"ListItem","position":3,"name":"History"}]},{"@type":"WebSite","@id":"https:\/\/apdl.lu\/#website","url":"https:\/\/apdl.lu\/","name":"APDL","description":"","potentialAction":[{"@type":"SearchAction","target":{"@type":"EntryPoint","urlTemplate":"https:\/\/apdl.lu\/?s={search_term_string}"},"query-input":"required name=search_term_string"}],"inLanguage":"en-US"}]}},"_links":{"self":[{"href":"https:\/\/apdl.lu\/en\/wp-json\/wp\/v2\/pages\/3560"}],"collection":[{"href":"https:\/\/apdl.lu\/en\/wp-json\/wp\/v2\/pages"}],"about":[{"href":"https:\/\/apdl.lu\/en\/wp-json\/wp\/v2\/types\/page"}],"author":[{"embeddable":true,"href":"https:\/\/apdl.lu\/en\/wp-json\/wp\/v2\/users\/1"}],"replies":[{"embeddable":true,"href":"https:\/\/apdl.lu\/en\/wp-json\/wp\/v2\/comments?post=3560"}],"version-history":[{"count":3,"href":"https:\/\/apdl.lu\/en\/wp-json\/wp\/v2\/pages\/3560\/revisions"}],"predecessor-version":[{"id":3646,"href":"https:\/\/apdl.lu\/en\/wp-json\/wp\/v2\/pages\/3560\/revisions\/3646"}],"up":[{"embeddable":true,"href":"https:\/\/apdl.lu\/en\/wp-json\/wp\/v2\/pages\/3314"}],"wp:attachment":[{"href":"https:\/\/apdl.lu\/en\/wp-json\/wp\/v2\/media?parent=3560"}],"curies":[{"name":"wp","href":"https:\/\/api.w.org\/{rel}","templated":true}]}}