{"id":3565,"date":"2016-10-21T18:55:26","date_gmt":"2016-10-21T17:55:26","guid":{"rendered":"http:\/\/apdl.lu\/?page_id=3565"},"modified":"2019-11-03T11:48:23","modified_gmt":"2019-11-03T10:48:23","slug":"missions-statuts-reglement","status":"publish","type":"page","link":"https:\/\/apdl.lu\/en\/l-association\/missions-statuts-reglement\/","title":{"rendered":"Mission, Articles of association, Internal rules"},"content":{"rendered":"<p><\/p>\n<h1>Mission, Articles of association, Internal rules<\/h1>\n<h2>Mission<\/h2>\n<p>APLD aims to facilitate contacts and exchanges of experience and ideas, but also to be a forum where people interested in legal, economy, engineering and research matters can meet and discuss personal data-related issues.<\/p>\n<p>APDL&#8217;s goals also include:<\/p>\n<p>\u2022 Allowing networking amongst Data Protection Officers, and their representation before concerned authorities and institutions ;<\/p>\n<p>\u2022 Sharing knowledge, through the organisation of events, conferences and training sessions, directly or though partnerships ;<\/p>\n<p>\u2022 Creating links in Luxembourg and abroad with other entities involved in data protection matters ;<\/p>\n<p>\u2022 Initiating actions in order to protect its interests or those of its members.<\/p>\n<h2>Articles of association<\/h2>\n<p><a href=\"http:\/\/apdl.lu\/wp-content\/uploads\/2016\/08\/Statuts_APDL_2013.pdf\" target=\"_blank\" rel=\"noopener noreferrer\">Articles of association (PDF)<\/a><\/p>\n<h2>Internal rules<\/h2>\n<p><a href=\"http:\/\/apdl.lu\/wp-content\/uploads\/2016\/08\/Rglement_Intrieur_APDL_2014_v1.pdf\" target=\"_blank\" rel=\"noopener noreferrer\">Internal rules (PDF)<\/a><\/p>","protected":false},"excerpt":{"rendered":"<p>Mission, Articles of association, Internal rules Mission APLD aims to facilitate contacts and exchanges of experience and ideas, but also to be a forum where people interested in legal, economy, engineering and research matters can meet and discuss personal data-related issues. APDL&#8217;s goals also include: \u2022 Allowing networking amongst Data Protection Officers, and their representation [&hellip;]<\/p>\n","protected":false},"author":1,"featured_media":0,"parent":3314,"menu_order":0,"comment_status":"closed","ping_status":"closed","template":"","meta":[],"yoast_head":"<!-- This site is optimized with the Yoast SEO plugin v19.5.1 - https:\/\/yoast.com\/wordpress\/plugins\/seo\/ -->\n<title>Mission, Articles of association, Internal rules<\/title>\n<meta name=\"description\" content=\"(Fran\u00e7ais) D\u00e9couvrez les missions de l&#039;Association pour la Protection des Donn\u00e9es personnelles au Luxembourg et apprenez en plus sur la s\u00e9curit\u00e9 des donn\u00e9es.\" \/>\n<meta name=\"robots\" content=\"index, follow, max-snippet:-1, max-image-preview:large, max-video-preview:-1\" \/>\n<link rel=\"canonical\" href=\"https:\/\/apdl.lu\/l-association\/missions-statuts-reglement\/\" \/>\n<meta property=\"og:locale\" content=\"en_US\" \/>\n<meta property=\"og:type\" content=\"article\" \/>\n<meta property=\"og:title\" content=\"Mission, Articles of association, Internal rules\" \/>\n<meta property=\"og:description\" content=\"(Fran\u00e7ais) D\u00e9couvrez les missions de l&#039;Association pour la Protection des Donn\u00e9es personnelles au Luxembourg et apprenez en plus sur la s\u00e9curit\u00e9 des donn\u00e9es.\" \/>\n<meta property=\"og:url\" content=\"https:\/\/apdl.lu\/l-association\/missions-statuts-reglement\/\" \/>\n<meta property=\"og:site_name\" content=\"APDL\" \/>\n<meta property=\"article:modified_time\" content=\"2019-11-03T10:48:23+00:00\" \/>\n<meta name=\"twitter:card\" content=\"summary_large_image\" \/>\n<meta name=\"twitter:site\" content=\"@apdl_lu\" \/>\n<meta name=\"twitter:label1\" content=\"Est. reading time\" \/>\n\t<meta name=\"twitter:data1\" content=\"2 minutes\" \/>\n<script type=\"application\/ld+json\" class=\"yoast-schema-graph\">{\"@context\":\"https:\/\/schema.org\",\"@graph\":[{\"@type\":\"WebPage\",\"@id\":\"https:\/\/apdl.lu\/l-association\/missions-statuts-reglement\/\",\"url\":\"https:\/\/apdl.lu\/l-association\/missions-statuts-reglement\/\",\"name\":\"Mission, Articles of association, Internal rules\",\"isPartOf\":{\"@id\":\"https:\/\/apdl.lu\/#website\"},\"datePublished\":\"2016-10-21T17:55:26+00:00\",\"dateModified\":\"2019-11-03T10:48:23+00:00\",\"description\":\"(Fran\u00e7ais) D\u00e9couvrez les missions de l'Association pour la Protection des Donn\u00e9es personnelles au Luxembourg et apprenez en plus sur la s\u00e9curit\u00e9 des donn\u00e9es.\",\"breadcrumb\":{\"@id\":\"https:\/\/apdl.lu\/l-association\/missions-statuts-reglement\/#breadcrumb\"},\"inLanguage\":\"en-US\",\"potentialAction\":[{\"@type\":\"ReadAction\",\"target\":[\"https:\/\/apdl.lu\/l-association\/missions-statuts-reglement\/\"]}]},{\"@type\":\"BreadcrumbList\",\"@id\":\"https:\/\/apdl.lu\/l-association\/missions-statuts-reglement\/#breadcrumb\",\"itemListElement\":[{\"@type\":\"ListItem\",\"position\":1,\"name\":\"Accueil\",\"item\":\"https:\/\/apdl.lu\/\"},{\"@type\":\"ListItem\",\"position\":2,\"name\":\"APDL\",\"item\":\"https:\/\/apdl.lu\/l-association\/\"},{\"@type\":\"ListItem\",\"position\":3,\"name\":\"Mission, Articles of association, Internal rules\"}]},{\"@type\":\"WebSite\",\"@id\":\"https:\/\/apdl.lu\/#website\",\"url\":\"https:\/\/apdl.lu\/\",\"name\":\"APDL\",\"description\":\"\",\"potentialAction\":[{\"@type\":\"SearchAction\",\"target\":{\"@type\":\"EntryPoint\",\"urlTemplate\":\"https:\/\/apdl.lu\/?s={search_term_string}\"},\"query-input\":\"required name=search_term_string\"}],\"inLanguage\":\"en-US\"}]}<\/script>\n<!-- \/ Yoast SEO plugin. -->","yoast_head_json":{"title":"Mission, Articles of association, Internal rules","description":"(Fran\u00e7ais) D\u00e9couvrez les missions de l'Association pour la Protection des Donn\u00e9es personnelles au Luxembourg et apprenez en plus sur la s\u00e9curit\u00e9 des donn\u00e9es.","robots":{"index":"index","follow":"follow","max-snippet":"max-snippet:-1","max-image-preview":"max-image-preview:large","max-video-preview":"max-video-preview:-1"},"canonical":"https:\/\/apdl.lu\/l-association\/missions-statuts-reglement\/","og_locale":"en_US","og_type":"article","og_title":"Mission, Articles of association, Internal rules","og_description":"(Fran\u00e7ais) D\u00e9couvrez les missions de l'Association pour la Protection des Donn\u00e9es personnelles au Luxembourg et apprenez en plus sur la s\u00e9curit\u00e9 des donn\u00e9es.","og_url":"https:\/\/apdl.lu\/l-association\/missions-statuts-reglement\/","og_site_name":"APDL","article_modified_time":"2019-11-03T10:48:23+00:00","twitter_card":"summary_large_image","twitter_site":"@apdl_lu","twitter_misc":{"Est. reading time":"2 minutes"},"schema":{"@context":"https:\/\/schema.org","@graph":[{"@type":"WebPage","@id":"https:\/\/apdl.lu\/l-association\/missions-statuts-reglement\/","url":"https:\/\/apdl.lu\/l-association\/missions-statuts-reglement\/","name":"Mission, Articles of association, Internal rules","isPartOf":{"@id":"https:\/\/apdl.lu\/#website"},"datePublished":"2016-10-21T17:55:26+00:00","dateModified":"2019-11-03T10:48:23+00:00","description":"(Fran\u00e7ais) D\u00e9couvrez les missions de l'Association pour la Protection des Donn\u00e9es personnelles au Luxembourg et apprenez en plus sur la s\u00e9curit\u00e9 des donn\u00e9es.","breadcrumb":{"@id":"https:\/\/apdl.lu\/l-association\/missions-statuts-reglement\/#breadcrumb"},"inLanguage":"en-US","potentialAction":[{"@type":"ReadAction","target":["https:\/\/apdl.lu\/l-association\/missions-statuts-reglement\/"]}]},{"@type":"BreadcrumbList","@id":"https:\/\/apdl.lu\/l-association\/missions-statuts-reglement\/#breadcrumb","itemListElement":[{"@type":"ListItem","position":1,"name":"Accueil","item":"https:\/\/apdl.lu\/"},{"@type":"ListItem","position":2,"name":"APDL","item":"https:\/\/apdl.lu\/l-association\/"},{"@type":"ListItem","position":3,"name":"Mission, Articles of association, Internal rules"}]},{"@type":"WebSite","@id":"https:\/\/apdl.lu\/#website","url":"https:\/\/apdl.lu\/","name":"APDL","description":"","potentialAction":[{"@type":"SearchAction","target":{"@type":"EntryPoint","urlTemplate":"https:\/\/apdl.lu\/?s={search_term_string}"},"query-input":"required name=search_term_string"}],"inLanguage":"en-US"}]}},"_links":{"self":[{"href":"https:\/\/apdl.lu\/en\/wp-json\/wp\/v2\/pages\/3565"}],"collection":[{"href":"https:\/\/apdl.lu\/en\/wp-json\/wp\/v2\/pages"}],"about":[{"href":"https:\/\/apdl.lu\/en\/wp-json\/wp\/v2\/types\/page"}],"author":[{"embeddable":true,"href":"https:\/\/apdl.lu\/en\/wp-json\/wp\/v2\/users\/1"}],"replies":[{"embeddable":true,"href":"https:\/\/apdl.lu\/en\/wp-json\/wp\/v2\/comments?post=3565"}],"version-history":[{"count":5,"href":"https:\/\/apdl.lu\/en\/wp-json\/wp\/v2\/pages\/3565\/revisions"}],"predecessor-version":[{"id":4318,"href":"https:\/\/apdl.lu\/en\/wp-json\/wp\/v2\/pages\/3565\/revisions\/4318"}],"up":[{"embeddable":true,"href":"https:\/\/apdl.lu\/en\/wp-json\/wp\/v2\/pages\/3314"}],"wp:attachment":[{"href":"https:\/\/apdl.lu\/en\/wp-json\/wp\/v2\/media?parent=3565"}],"curies":[{"name":"wp","href":"https:\/\/api.w.org\/{rel}","templated":true}]}}